{"id":3806,"date":"2026-03-17T10:50:54","date_gmt":"2026-03-17T09:50:54","guid":{"rendered":"https:\/\/pixelmation.co\/?page_id=3806"},"modified":"2026-03-17T12:21:37","modified_gmt":"2026-03-17T11:21:37","slug":"impressum","status":"publish","type":"page","link":"https:\/\/pixelmation.co\/de\/impressum\/","title":{"rendered":"Impressum"},"content":{"rendered":"<h1><strong>Impressum<\/strong><\/h1>\n<h2>Angaben gem\u00e4\u00df \u00a7 5 E-Commerce-Gesetz (ECG)<\/h2>\n<hr \/>\n<h3><strong>Firmenname<\/strong><\/h3>\n<p>Pixelmation e.U.<br \/>(FN 658096p)<\/p>\n<h3><strong>Inhaber<\/strong><\/h3>\n<p>Sami Kasem Hammoud<\/p>\n<h3><strong>Firmenbuchnummer<\/strong><\/h3>\n<p>FN 658096p<\/p>\n<h3><strong>Firmenbuchgericht<\/strong><\/h3>\n<p>Landesgericht f\u00fcr Zivilrechtssachen Graz<\/p>\n<h3><strong>GLN<\/strong><\/h3>\n<p>9110037977228<\/p>\n<hr \/>\n<h3><strong>Unternehmensgegenstand<\/strong><\/h3>\n<p>Grafikdesign, Webdesign, Branding, Digitale Medien<\/p>\n<hr \/>\n<h3><strong>Mitgliedschaft<\/strong><\/h3>\n<p>Wirtschaftskammer \u00d6sterreich (WKO)<\/p>\n<hr \/>\n<h3><strong>Sitz des Unternehmens<\/strong><\/h3>\n<p>Graz, \u00d6sterreich<\/p>\n<hr \/>\n<h3><strong>Kontakt<\/strong><\/h3>\n<p>E-Mail: pixelmationcreative@gmail.com<br \/>Telefon: +43 6645600111<\/p>\n<hr \/>\n<h3><strong>Aufsichtsbeh\u00f6rde<\/strong><\/h3>\n<p>Bezirkshauptmannschaft Graz<\/p>\n<hr \/>\n<h3><strong>Haftung f\u00fcr Inhalte<\/strong><\/h3>\n<p>Die Inhalte dieser Website wurden mit gr\u00f6\u00dfter Sorgfalt erstellt.<br \/>F\u00fcr Richtigkeit, Vollst\u00e4ndigkeit und Aktualit\u00e4t \u00fcbernehmen wir jedoch keine Gew\u00e4hr.<\/p>\n<hr \/>\n<h3><strong>Urheberrecht<\/strong><\/h3>\n<p>Die durch den Seitenbetreiber erstellten Inhalte unterliegen dem Urheberrecht.<br \/>Vervielf\u00e4ltigung oder Nutzung au\u00dferhalb der gesetzlichen Grenzen bed\u00fcrfen der schriftlichen Zustimmung.<\/p>","protected":false},"excerpt":{"rendered":"<p>Impressum Angaben gem\u00e4\u00df \u00a7 5 E-Commerce-Gesetz (ECG) Firmenname Pixelmation e.U.(FN 658096p) Inhaber Sami Kasem Hammoud Firmenbuchnummer FN 658096p Firmenbuchgericht Landesgericht f\u00fcr Zivilrechtssachen Graz GLN 9110037977228 Unternehmensgegenstand Grafikdesign, Webdesign, Branding, Digitale Medien Mitgliedschaft Wirtschaftskammer \u00d6sterreich (WKO) Sitz des Unternehmens Graz, \u00d6sterreich Kontakt E-Mail: pixelmationcreative@gmail.comTelefon: +43 6645600111 Aufsichtsbeh\u00f6rde Bezirkshauptmannschaft Graz Haftung f\u00fcr Inhalte Die Inhalte dieser Website [&hellip;]<\/p>\n","protected":false},"author":1,"featured_media":0,"parent":0,"menu_order":0,"comment_status":"closed","ping_status":"closed","template":"","meta":{"footnotes":""},"class_list":["post-3806","page","type-page","status-publish","hentry"],"blocksy_meta":[],"_links":{"self":[{"href":"https:\/\/pixelmation.co\/de\/wp-json\/wp\/v2\/pages\/3806","targetHints":{"allow":["GET"]}}],"collection":[{"href":"https:\/\/pixelmation.co\/de\/wp-json\/wp\/v2\/pages"}],"about":[{"href":"https:\/\/pixelmation.co\/de\/wp-json\/wp\/v2\/types\/page"}],"author":[{"embeddable":true,"href":"https:\/\/pixelmation.co\/de\/wp-json\/wp\/v2\/users\/1"}],"replies":[{"embeddable":true,"href":"https:\/\/pixelmation.co\/de\/wp-json\/wp\/v2\/comments?post=3806"}],"version-history":[{"count":4,"href":"https:\/\/pixelmation.co\/de\/wp-json\/wp\/v2\/pages\/3806\/revisions"}],"predecessor-version":[{"id":3811,"href":"https:\/\/pixelmation.co\/de\/wp-json\/wp\/v2\/pages\/3806\/revisions\/3811"}],"wp:attachment":[{"href":"https:\/\/pixelmation.co\/de\/wp-json\/wp\/v2\/media?parent=3806"}],"curies":[{"name":"wp","href":"https:\/\/api.w.org\/{rel}","templated":true}]}}